{"id":5,"date":"2017-07-18T22:01:16","date_gmt":"2017-07-18T22:01:16","guid":{"rendered":"https:\/\/grop.ca\/wordpress\/?page_id=5"},"modified":"2020-11-09T10:18:41","modified_gmt":"2020-11-09T14:18:41","slug":"about","status":"publish","type":"page","link":"https:\/\/grop.ca\/index.php\/about\/","title":{"rendered":"\u00c0 propos"},"content":{"rendered":"\n<figure class=\"wp-block-image size-large\"><img data-recalc-dims=\"1\" loading=\"lazy\" decoding=\"async\" width=\"525\" height=\"343\" data-attachment-id=\"825\" data-permalink=\"https:\/\/grop.ca\/cci20141211_0001\/\" data-orig-file=\"https:\/\/i0.wp.com\/grop.ca\/wp-content\/uploads\/2020\/11\/CCI20141211_0001-scaled.jpg?fit=2560%2C1672&amp;ssl=1\" data-orig-size=\"2560,1672\" data-comments-opened=\"0\" data-image-meta=\"{&quot;aperture&quot;:&quot;0&quot;,&quot;credit&quot;:&quot;&quot;,&quot;camera&quot;:&quot;&quot;,&quot;caption&quot;:&quot;&quot;,&quot;created_timestamp&quot;:&quot;0&quot;,&quot;copyright&quot;:&quot;&quot;,&quot;focal_length&quot;:&quot;0&quot;,&quot;iso&quot;:&quot;0&quot;,&quot;shutter_speed&quot;:&quot;0&quot;,&quot;title&quot;:&quot;&quot;,&quot;orientation&quot;:&quot;1&quot;}\" data-image-title=\"Quatre membres du GROP\" data-image-description=\"\" data-image-caption=\"&lt;p&gt;Quatre des membres du GROP signataires de la libre opinion \u00ab Une difficile course \u00e0 obstacles \u00bb publi\u00e9e en ao\u00fbt 1995. De gauche \u00e0 droite: Pierre Noreau, Pierre-Alain Cotnoir, Pierre Drouilly et Jean-Herman Guay&lt;\/p&gt;\n\" data-medium-file=\"https:\/\/i0.wp.com\/grop.ca\/wp-content\/uploads\/2020\/11\/CCI20141211_0001-scaled.jpg?fit=300%2C196&amp;ssl=1\" data-large-file=\"https:\/\/i0.wp.com\/grop.ca\/wp-content\/uploads\/2020\/11\/CCI20141211_0001-scaled.jpg?fit=525%2C343&amp;ssl=1\" src=\"https:\/\/i0.wp.com\/grop.ca\/wp-content\/uploads\/2020\/11\/CCI20141211_0001.jpg?resize=525%2C343&#038;ssl=1\" alt=\"\" class=\"wp-image-825\" srcset=\"https:\/\/i0.wp.com\/grop.ca\/wp-content\/uploads\/2020\/11\/CCI20141211_0001-scaled.jpg?resize=1024%2C669&amp;ssl=1 1024w, https:\/\/i0.wp.com\/grop.ca\/wp-content\/uploads\/2020\/11\/CCI20141211_0001-scaled.jpg?resize=300%2C196&amp;ssl=1 300w, https:\/\/i0.wp.com\/grop.ca\/wp-content\/uploads\/2020\/11\/CCI20141211_0001-scaled.jpg?resize=768%2C502&amp;ssl=1 768w, https:\/\/i0.wp.com\/grop.ca\/wp-content\/uploads\/2020\/11\/CCI20141211_0001-scaled.jpg?resize=1536%2C1003&amp;ssl=1 1536w, https:\/\/i0.wp.com\/grop.ca\/wp-content\/uploads\/2020\/11\/CCI20141211_0001-scaled.jpg?resize=2048%2C1338&amp;ssl=1 2048w\" sizes=\"auto, (max-width: 706px) 89vw, (max-width: 767px) 82vw, 740px\" \/><figcaption>Quatre des membres du GROP <em>en ao\u00fbt 1995<\/em>. De gauche \u00e0 droite: Pierre Noreau, Pierre-Alain Cotnoir, Pierre Drouilly et Jean-Herman Guay (absent de la photo Jean Noiseux).<\/figcaption><\/figure>\n\n\n<p>Le Groupe de recherche sur l&rsquo;opinion publique a \u00e9t\u00e9 cr\u00e9\u00e9 en r\u00e9action au constat que les forces souverainistes n&rsquo;\u00e9tablissaient leur strat\u00e9gie \u00e0 l&rsquo;hiver 1992 que sur la tenue de six groupes de discussion (focus groups), tandis que le camp f\u00e9d\u00e9raliste investissait plusieurs centaines de milliers de dollars en recherche quantitative. Lors d&rsquo;une rencontre dans un h\u00f4tel de Dorval r\u00e9unissant les chefs de file de Mouvement Qu\u00e9bec, la pr\u00e9sentation de travaux portant sur l&rsquo;\u00e9tat de l&rsquo;opinion publique inqui\u00e9ta Pierre Noreau, alors directeur g\u00e9n\u00e9ral int\u00e9rimaire du MNQ, et Pierre-Alain Cotnoir, \u00e0 ce moment directeur des communications \u00e0 la SSJBM.<\/p>\n<p>Il fut aussit\u00f4t convenu de mettre en place un comit\u00e9 form\u00e9 de sp\u00e9cialistes souverainistes afin d&rsquo;amorcer un programme de recherches ayant pour but de mod\u00e9liser l&rsquo;opinion publique sur la question constitutionnelle. Pierre Drouilly, Jean-Herman Guay et Jean Noiseux accept\u00e8rent de s&rsquo;y joindre.<\/p>\n<p>Voil\u00e0 donc plus de 28 ans que le GROP a \u00e9t\u00e9 constitu\u00e9. Au fil de ces ann\u00e9es, ses membres ont men\u00e9 un grand nombre de recherches pour le camp souverainiste, toutes organisations confondues. Parfois \u00e9cout\u00e9s, parfois honnis, ses membres n&rsquo;ont cess\u00e9 de chercher \u00e0 parfaire leur compr\u00e9hension de l&rsquo;\u00e9lectorat qu\u00e9b\u00e9cois en relation avec la question nationale. Vous pouvez suivre l&rsquo;\u00e9volution de leur pens\u00e9e dans les nombreux documents que vous trouverez dans la section <a href=\"https:\/\/grop.ca\/index.php\/publications\/\">Publications<\/a>\u00a0sur ce site.<\/p>\n<p>Qu&rsquo;en est-il maintenant? Si les amiti\u00e9s au sein du groupe se sont maintenues, les al\u00e9as de la vie ont men\u00e9 chacun des cinq membres vers des parcours diff\u00e9rents. \u00a0Plus particuli\u00e8rement, je tiens \u00e0 souligner les contributions des regrett\u00e9s Pierre Drouilly et Jean Noiseux qui nous ont quitt\u00e9 en 2014 et 2020 et auquel ce site est d\u00e9di\u00e9 (voir <a href=\"https:\/\/grop.ca\/\">Accueil<\/a>).<\/p>\n<p>Pratiquement, le GROP n&rsquo;existe plus tel qu&rsquo;il aura \u00e9t\u00e9 au cours de ses meilleures ann\u00e9es de production, mais ses travaux demeurent et je les rends accessibles (voir plus haut) \u00e0 tous ceux et celles que cette question non r\u00e9solue int\u00e9resse toujours: c&rsquo;est-\u00e0-dire le devenir politique de notre nation.<\/p>\n<p>Par ailleurs, sur le <a href=\"https:\/\/grop.ca\/index.php\/blog\/\">blogue de ce site<\/a>, je raconte le r\u00e9cit de mes p\u00e9rip\u00e9ties avec les diff\u00e9rents intervenants du monde politique tant de 1977 \u00e0 1980 lorsque j&rsquo;ai commenc\u00e9 \u00e0 r\u00e9aliser des sondages politiques, qu&rsquo;en 1994 et 1995 au sein du GROP.<\/p>\n<p>Pierre-Alain Cotnoir, novembre 2020<\/p>","protected":false},"excerpt":{"rendered":"<p>Le Groupe de recherche sur l&rsquo;opinion publique a \u00e9t\u00e9 cr\u00e9\u00e9 en r\u00e9action au constat que les forces souverainistes n&rsquo;\u00e9tablissaient leur strat\u00e9gie \u00e0 l&rsquo;hiver 1992 que sur la tenue de six groupes de discussion (focus groups), tandis que le camp f\u00e9d\u00e9raliste investissait plusieurs centaines de milliers de dollars en recherche quantitative. Lors d&rsquo;une rencontre dans un &hellip; <\/p>\n<p class=\"link-more\"><a href=\"https:\/\/grop.ca\/index.php\/about\/\" class=\"more-link\">Continuer la lecture<span class=\"screen-reader-text\"> de &laquo; \u00c0 propos &raquo;<\/span><\/a><\/p>\n","protected":false},"author":1,"featured_media":0,"parent":0,"menu_order":0,"comment_status":"closed","ping_status":"closed","template":"","meta":{"jetpack_post_was_ever_published":false,"footnotes":""},"class_list":["post-5","page","type-page","status-publish","hentry"],"jetpack_sharing_enabled":true,"jetpack_shortlink":"https:\/\/wp.me\/P9kRRW-5","jetpack_likes_enabled":true,"jetpack-related-posts":[],"_links":{"self":[{"href":"https:\/\/grop.ca\/index.php\/wp-json\/wp\/v2\/pages\/5","targetHints":{"allow":["GET"]}}],"collection":[{"href":"https:\/\/grop.ca\/index.php\/wp-json\/wp\/v2\/pages"}],"about":[{"href":"https:\/\/grop.ca\/index.php\/wp-json\/wp\/v2\/types\/page"}],"author":[{"embeddable":true,"href":"https:\/\/grop.ca\/index.php\/wp-json\/wp\/v2\/users\/1"}],"replies":[{"embeddable":true,"href":"https:\/\/grop.ca\/index.php\/wp-json\/wp\/v2\/comments?post=5"}],"version-history":[{"count":51,"href":"https:\/\/grop.ca\/index.php\/wp-json\/wp\/v2\/pages\/5\/revisions"}],"predecessor-version":[{"id":898,"href":"https:\/\/grop.ca\/index.php\/wp-json\/wp\/v2\/pages\/5\/revisions\/898"}],"wp:attachment":[{"href":"https:\/\/grop.ca\/index.php\/wp-json\/wp\/v2\/media?parent=5"}],"curies":[{"name":"wp","href":"https:\/\/api.w.org\/{rel}","templated":true}]}}